{"id":1759,"date":"2023-12-04T19:41:00","date_gmt":"2023-12-04T19:41:00","guid":{"rendered":"https:\/\/nordtempeh.com\/retseptid-2\/"},"modified":"2023-12-06T18:50:21","modified_gmt":"2023-12-06T18:50:21","slug":"blogi","status":"publish","type":"page","link":"http:\/\/nordtempeh.com\/en\/blogi\/","title":{"rendered":"Blog"},"content":{"rendered":"<style type=\"text\/css\" data-created_by=\"avia_inline_auto\" id=\"style-css-av-9219z-91115cb8b1af0cab2394eee63ae2cc61\">\n.avia-section.av-9219z-91115cb8b1af0cab2394eee63ae2cc61 .av-parallax .av-parallax-inner{\nbackground-repeat:no-repeat;\nbackground-image:url(https:\/\/nordtempeh.com\/wp-content\/uploads\/2023\/03\/herneois-taust.png);\nbackground-position:0% 0%;\nbackground-attachment:scroll;\n}\n<\/style>\n<div id='av_section_1'  class='avia-section av-9219z-91115cb8b1af0cab2394eee63ae2cc61 main_color avia-section-large avia-no-border-styling  avia-builder-el-0  el_before_av_section  avia-builder-el-first  av-parallax-section avia-bg-style-parallax container_wrap sidebar_right'  data-section-bg-repeat='no-repeat'><div class='av-parallax' data-avia-parallax-ratio='0.3' ><div class='av-parallax-inner main_color avia-full-stretch'><\/div><\/div><div class='container av-section-cont-open' ><main  role=\"main\" itemprop=\"mainContentOfPage\"  class='template-page content  av-content-small alpha units'><div class='post-entry post-entry-type-page post-entry-1759'><div class='entry-content-wrapper clearfix'>\n\n<style type=\"text\/css\" data-created_by=\"avia_inline_auto\" id=\"style-css-av-8gkwf-37f37efe0997d8b8fee6296e872fe3d8\">\n#top .av-special-heading.av-8gkwf-37f37efe0997d8b8fee6296e872fe3d8{\npadding-bottom:30px;\nfont-size:70px;\n}\nbody .av-special-heading.av-8gkwf-37f37efe0997d8b8fee6296e872fe3d8 .av-special-heading-tag .heading-char{\nfont-size:25px;\n}\n#top #wrap_all .av-special-heading.av-8gkwf-37f37efe0997d8b8fee6296e872fe3d8 .av-special-heading-tag{\nfont-size:70px;\n}\n.av-special-heading.av-8gkwf-37f37efe0997d8b8fee6296e872fe3d8 .av-subheading{\nfont-size:15px;\n}\n\n@media only screen and (min-width: 480px) and (max-width: 767px){ \n#top #wrap_all .av-special-heading.av-8gkwf-37f37efe0997d8b8fee6296e872fe3d8 .av-special-heading-tag{\nfont-size:0.8em;\n}\n}\n\n@media only screen and (max-width: 479px){ \n#top #wrap_all .av-special-heading.av-8gkwf-37f37efe0997d8b8fee6296e872fe3d8 .av-special-heading-tag{\nfont-size:0.8em;\n}\n}\n<\/style>\n<div  class='av-special-heading av-8gkwf-37f37efe0997d8b8fee6296e872fe3d8 av-special-heading-h1 blockquote modern-quote  avia-builder-el-1  el_before_av_one_half  avia-builder-el-first  av-thin-font av-inherit-size'><h1 class='av-special-heading-tag'  itemprop=\"headline\"  >Blog<strong>.<\/strong><\/h1><div class=\"special-heading-border\"><div class=\"special-heading-inner-border\"><\/div><\/div><\/div>\n\n<style type=\"text\/css\" data-created_by=\"avia_inline_auto\" id=\"style-css-av-su7b-5dc630310b7352e1b570c525a0376dd6\">\n.flex_column.av-su7b-5dc630310b7352e1b570c525a0376dd6{\nborder-radius:0px 0px 0px 0px;\npadding:0px 0px 0px 0px;\n}\n<\/style>\n<div  class='flex_column av-su7b-5dc630310b7352e1b570c525a0376dd6 av_one_half  avia-builder-el-2  el_after_av_heading  el_before_av_one_half  first flex_column_div av-zero-column-padding'     ><section  class='av_textblock_section av-21kxi7-087cf73ce4f331b26225ad3ce0e5c9d3'   itemscope=\"itemscope\" itemtype=\"https:\/\/schema.org\/CreativeWork\" ><div class='avia_textblock'  itemprop=\"text\" ><p class=\"p1\">Here you will find exciting news and articles - both for quick reading and for longer in-depth reading.<\/p>\n<\/div><\/section><\/div>\n<style type=\"text\/css\" data-created_by=\"avia_inline_auto\" id=\"style-css-av-1wxd3j-05f766ec765689d364c2f6e90a41a7cf\">\n.flex_column.av-1wxd3j-05f766ec765689d364c2f6e90a41a7cf{\nborder-radius:0px 0px 0px 0px;\npadding:0px 0px 0px 0px;\n}\n<\/style>\n<div  class='flex_column av-1wxd3j-05f766ec765689d364c2f6e90a41a7cf av_one_half  avia-builder-el-4  el_after_av_one_half  avia-builder-el-last  flex_column_div av-zero-column-padding'     ><\/div>\n\n<\/div><\/div><\/main><!-- close content main element --><\/div><\/div>\n<style type=\"text\/css\" data-created_by=\"avia_inline_auto\" id=\"style-css-av-1fd2r3-dc92214fc93fe670e4c7418211a381e5\">\n.avia-section.av-1fd2r3-dc92214fc93fe670e4c7418211a381e5{\nbackground-color:#f3e7df;\nbackground-image:unset;\n}\n<\/style>\n<div id='av_section_2'  class='avia-section av-1fd2r3-dc92214fc93fe670e4c7418211a381e5 alternate_color avia-section-default avia-no-border-styling  avia-builder-el-5  el_after_av_section  avia-builder-el-last  avia-bg-style-fixed container_wrap sidebar_right'  ><div class='container av-section-cont-open' ><div class='template-page content  av-content-small alpha units'><div class='post-entry post-entry-type-page post-entry-1759'><div class='entry-content-wrapper clearfix'>\n<div  data-slideshow-options=\"{&quot;animation&quot;:&quot;fade&quot;,&quot;autoplay&quot;:false,&quot;loop_autoplay&quot;:&quot;once&quot;,&quot;interval&quot;:5,&quot;loop_manual&quot;:&quot;manual-endless&quot;,&quot;autoplay_stopper&quot;:false,&quot;noNavigation&quot;:false,&quot;show_slide_delay&quot;:90}\" class='avia-content-slider avia-content-grid-active avia-content-slider1 avia-content-slider-odd  avia-builder-el-6  avia-builder-el-no-sibling  av-slideshow-ui av-control-default   av-no-slider-navigation av-slideshow-manual av-loop-once av-loop-manual-endless'  itemscope=\"itemscope\" itemtype=\"https:\/\/schema.org\/Blog\" ><div class=\"avia-content-slider-inner\"><div class=\"slide-entry-wrap\"><article class='slide-entry flex_column  post-entry post-entry-1792 slide-entry-overview slide-loop-1 slide-parity-odd  av_one_third first real-thumbnail posttype-post post-format-standard'  itemscope=\"itemscope\" itemtype=\"https:\/\/schema.org\/CreativeWork\" ><a href='http:\/\/nordtempeh.com\/en\/naisettevotja-toodab-kohalikust-toorainest-vooramaist-tempet\/' data-rel='slide-1' class='slide-image' title='Naisettev\u00f5tja toodab kohalikust toorainest v\u00f5\u00f5ramaist tempet'><img decoding=\"async\" fetchpriority=\"high\" width=\"495\" height=\"400\" src=\"https:\/\/nordtempeh.com\/wp-content\/uploads\/2023\/12\/15750127t1h7097-495x400.webp\" class=\"wp-image-1796 avia-img-lazy-loading-not-1796 attachment-portfolio size-portfolio wp-post-image\" alt=\"\" srcset=\"https:\/\/nordtempeh.com\/wp-content\/uploads\/2023\/12\/15750127t1h7097-495x400.webp 495w, https:\/\/nordtempeh.com\/wp-content\/uploads\/2023\/12\/15750127t1h7097-845x684.webp 845w\" sizes=\"(max-width: 495px) 100vw, 495px\" \/><\/a><div class=\"slide-content\"><header class=\"entry-content-header\" aria-label=\"Slide: Naisettev\u00f5tja toodab kohalikust toorainest v\u00f5\u00f5ramaist tempet\"><span class=\"blog-categories minor-meta\"><a href=\"http:\/\/nordtempeh.com\/en\/category\/uncategorized\/\" rel=\"tag\">Uncategorized<\/a> <\/span><h3 class='slide-entry-title entry-title'  itemprop=\"headline\" ><a href='http:\/\/nordtempeh.com\/en\/naisettevotja-toodab-kohalikust-toorainest-vooramaist-tempet\/' title='Naisettev\u00f5tja toodab kohalikust toorainest v\u00f5\u00f5ramaist tempet'>Naisettev\u00f5tja toodab kohalikust toorainest v\u00f5\u00f5ramaist tempet<\/a><\/h3><span class=\"av-vertical-delimiter\"><\/span><\/header><div class='slide-entry-excerpt entry-content'  itemprop=\"text\" >\r\n\r\n<div class=\"read-more-link\"><a href=\"http:\/\/nordtempeh.com\/en\/naisettevotja-toodab-kohalikust-toorainest-vooramaist-tempet\/\" class=\"more-link\">Read more<span class='more-link-arrow avia-svg-icon avia-font-svg_entypo-fontello' data-av_svg_icon='right-open-big' data-av_iconset='svg_entypo-fontello'><svg version=\"1.1\" xmlns=\"http:\/\/www.w3.org\/2000\/svg\" width=\"15\" height=\"32\" viewbox=\"0 0 15 32\" preserveaspectratio=\"xMidYMid meet\" role=\"graphics-symbol\" aria-hidden=\"true\">\n<path d=\"M0.416 27.84l11.456-11.84-11.456-11.904q-0.832-0.832 0-1.536 0.832-0.832 1.536 0l12.544 12.608q0.768 0.832 0 1.6l-12.544 12.608q-0.704 0.832-1.536 0-0.832-0.704 0-1.536z\"><\/path>\n<\/svg><\/span><\/a><\/div><\/div><\/div><footer class=\"entry-footer\"><div class=\"slide-meta\"><time class='slide-meta-time updated'  itemprop=\"datePublished\" datetime=\"2023-12-05T19:08:25+00:00\" >December 5, 2023<\/time><\/div><\/footer><span class='hidden'>\n\t\t\t\t<span class='av-structured-data'  itemprop=\"image\" itemscope=\"itemscope\" itemtype=\"https:\/\/schema.org\/ImageObject\" >\n\t\t\t\t\t\t<span itemprop='url'>https:\/\/nordtempeh.com\/wp-content\/uploads\/2023\/12\/15750127t1h7097.webp<\/span>\n\t\t\t\t\t\t<span itemprop='height'>1243<\/span>\n\t\t\t\t\t\t<span itemprop='width'>1864<\/span>\n\t\t\t\t<\/span>\n\t\t\t\t<span class='av-structured-data'  itemprop=\"publisher\" itemtype=\"https:\/\/schema.org\/Organization\" itemscope=\"itemscope\" >\n\t\t\t\t\t\t<span itemprop='name'>Brik<\/span>\n\t\t\t\t\t\t<span itemprop='logo' itemscope itemtype='https:\/\/schema.org\/ImageObject'>\n\t\t\t\t\t\t\t<span itemprop='url'>https:\/\/nordtempeh.com\/wp-content\/uploads\/2023\/03\/Artboard-8-copy-18-taustata-300x300.png<\/span>\n\t\t\t\t\t\t<\/span>\n\t\t\t\t<\/span><span class='av-structured-data'  itemprop=\"author\" itemscope=\"itemscope\" itemtype=\"https:\/\/schema.org\/Person\" ><span itemprop='name'>Brik<\/span><\/span><span class='av-structured-data'  itemprop=\"datePublished\" datetime=\"2023-12-04T19:41:00+00:00\" >2023-12-05 19:08:25<\/span><span class='av-structured-data'  itemprop=\"dateModified\" itemtype=\"https:\/\/schema.org\/dateModified\" >2024-11-21 12:59:47<\/span><span class='av-structured-data'  itemprop=\"mainEntityOfPage\" itemtype=\"https:\/\/schema.org\/mainEntityOfPage\" ><span itemprop='name'>Naisettev\u00f5tja toodab kohalikust toorainest v\u00f5\u00f5ramaist tempet<\/span><\/span><\/span><\/article><article class='slide-entry flex_column  post-entry post-entry-1762 slide-entry-overview slide-loop-2 slide-parity-even  post-entry-last  av_one_third  real-thumbnail posttype-post post-format-standard'  itemscope=\"itemscope\" itemtype=\"https:\/\/schema.org\/CreativeWork\" ><a href='http:\/\/nordtempeh.com\/en\/fermenteeritud-kaunviljad-tanuvaart-taimsed-valguallikad\/' data-rel='slide-1' class='slide-image' title='FERMENTEERITUD KAUNVILJAD \u2013 T\u00c4NUV\u00c4\u00c4RT TAIMSED VALGUALLIKAD'><img decoding=\"async\" fetchpriority=\"high\" width=\"495\" height=\"400\" src=\"https:\/\/nordtempeh.com\/wp-content\/uploads\/2023\/02\/DSC6102-495x400.jpg\" class=\"wp-image-876 avia-img-lazy-loading-not-876 attachment-portfolio size-portfolio wp-post-image\" alt=\"\" srcset=\"https:\/\/nordtempeh.com\/wp-content\/uploads\/2023\/02\/DSC6102-495x400.jpg 495w, https:\/\/nordtempeh.com\/wp-content\/uploads\/2023\/02\/DSC6102-845x684.jpg 845w\" sizes=\"(max-width: 495px) 100vw, 495px\" \/><\/a><div class=\"slide-content\"><header class=\"entry-content-header\" aria-label=\"Slide: FERMENTEERITUD KAUNVILJAD \u2013 T\u00c4NUV\u00c4\u00c4RT TAIMSED VALGUALLIKAD\"><span class=\"blog-categories minor-meta\"><a href=\"http:\/\/nordtempeh.com\/en\/category\/uncategorized\/\" rel=\"tag\">Uncategorized<\/a> <\/span><h3 class='slide-entry-title entry-title'  itemprop=\"headline\" ><a href='http:\/\/nordtempeh.com\/en\/fermenteeritud-kaunviljad-tanuvaart-taimsed-valguallikad\/' title='FERMENTEERITUD KAUNVILJAD \u2013 T\u00c4NUV\u00c4\u00c4RT TAIMSED VALGUALLIKAD'>FERMENTEERITUD KAUNVILJAD \u2013 T\u00c4NUV\u00c4\u00c4RT TAIMSED VALGUALLIKAD<\/a><\/h3><span class=\"av-vertical-delimiter\"><\/span><\/header><div class='slide-entry-excerpt entry-content'  itemprop=\"text\" >\r\n\r\n<div class=\"read-more-link\"><a href=\"http:\/\/nordtempeh.com\/en\/fermenteeritud-kaunviljad-tanuvaart-taimsed-valguallikad\/\" class=\"more-link\">Read more<span class='more-link-arrow avia-svg-icon avia-font-svg_entypo-fontello' data-av_svg_icon='right-open-big' data-av_iconset='svg_entypo-fontello'><svg version=\"1.1\" xmlns=\"http:\/\/www.w3.org\/2000\/svg\" width=\"15\" height=\"32\" viewbox=\"0 0 15 32\" preserveaspectratio=\"xMidYMid meet\" role=\"graphics-symbol\" aria-hidden=\"true\">\n<path d=\"M0.416 27.84l11.456-11.84-11.456-11.904q-0.832-0.832 0-1.536 0.832-0.832 1.536 0l12.544 12.608q0.768 0.832 0 1.6l-12.544 12.608q-0.704 0.832-1.536 0-0.832-0.704 0-1.536z\"><\/path>\n<\/svg><\/span><\/a><\/div><\/div><\/div><footer class=\"entry-footer\"><div class=\"slide-meta\"><time class='slide-meta-time updated'  itemprop=\"datePublished\" datetime=\"2023-12-04T19:45:19+00:00\" >December 4, 2023<\/time><\/div><\/footer><span class='hidden'>\n\t\t\t\t<span class='av-structured-data'  itemprop=\"image\" itemscope=\"itemscope\" itemtype=\"https:\/\/schema.org\/ImageObject\" >\n\t\t\t\t\t\t<span itemprop='url'>https:\/\/nordtempeh.com\/wp-content\/uploads\/2023\/02\/DSC6102.jpg<\/span>\n\t\t\t\t\t\t<span itemprop='height'>1282<\/span>\n\t\t\t\t\t\t<span itemprop='width'>1920<\/span>\n\t\t\t\t<\/span>\n\t\t\t\t<span class='av-structured-data'  itemprop=\"publisher\" itemtype=\"https:\/\/schema.org\/Organization\" itemscope=\"itemscope\" >\n\t\t\t\t\t\t<span itemprop='name'>Brik<\/span>\n\t\t\t\t\t\t<span itemprop='logo' itemscope itemtype='https:\/\/schema.org\/ImageObject'>\n\t\t\t\t\t\t\t<span itemprop='url'>https:\/\/nordtempeh.com\/wp-content\/uploads\/2023\/03\/Artboard-8-copy-18-taustata-300x300.png<\/span>\n\t\t\t\t\t\t<\/span>\n\t\t\t\t<\/span><span class='av-structured-data'  itemprop=\"author\" itemscope=\"itemscope\" itemtype=\"https:\/\/schema.org\/Person\" ><span itemprop='name'>Brik<\/span><\/span><span class='av-structured-data'  itemprop=\"datePublished\" datetime=\"2023-12-04T19:41:00+00:00\" >2023-12-04 19:45:19<\/span><span class='av-structured-data'  itemprop=\"dateModified\" itemtype=\"https:\/\/schema.org\/dateModified\" >2024-11-21 13:00:05<\/span><span class='av-structured-data'  itemprop=\"mainEntityOfPage\" itemtype=\"https:\/\/schema.org\/mainEntityOfPage\" ><span itemprop='name'>FERMENTEERITUD KAUNVILJAD \u2013 T\u00c4NUV\u00c4\u00c4RT TAIMSED VALGUALLIKAD<\/span><\/span><\/span><\/article><\/div><\/div><\/div>\n<\/div><\/div><\/div><!-- close content main div --><\/div><\/div><div id='after_section_2'  class='main_color av_default_container_wrap container_wrap sidebar_right'  ><div class='container av-section-cont-open' ><div class='template-page content  av-content-small alpha units'><div class='post-entry post-entry-type-page post-entry-1759'><div class='entry-content-wrapper clearfix'>","protected":false},"excerpt":{"rendered":"","protected":false},"author":2,"featured_media":0,"parent":0,"menu_order":6,"comment_status":"closed","ping_status":"closed","template":"","meta":{"footnotes":""},"class_list":["post-1759","page","type-page","status-publish","hentry"],"yoast_head":"<!-- This site is optimized with the Yoast SEO plugin v27.3 - https:\/\/yoast.com\/product\/yoast-seo-wordpress\/ -->\n<title>Blogi - Nord Tempeh<\/title>\n<meta name=\"description\" content=\"Siit leiad p\u00f5nevad tempeh retseptid igaks olukorraks \u2013 nii kiireks argip\u00e4eva l\u00f5unaks, suviseks grill\u00fcrituseks kui pidulikuks \u00f5htus\u00f6\u00f6giks.\" \/>\n<meta name=\"robots\" content=\"index, follow, max-snippet:-1, max-image-preview:large, max-video-preview:-1\" \/>\n<link rel=\"canonical\" href=\"https:\/\/nordtempeh.com\/en\/blogi\/\" \/>\n<meta property=\"og:locale\" content=\"en_US\" \/>\n<meta property=\"og:type\" content=\"article\" \/>\n<meta property=\"og:title\" content=\"Blogi - Nord Tempeh\" \/>\n<meta property=\"og:description\" content=\"Siit leiad p\u00f5nevad tempeh retseptid igaks olukorraks \u2013 nii kiireks argip\u00e4eva l\u00f5unaks, suviseks grill\u00fcrituseks kui pidulikuks \u00f5htus\u00f6\u00f6giks.\" \/>\n<meta property=\"og:url\" content=\"https:\/\/nordtempeh.com\/en\/blogi\/\" \/>\n<meta property=\"og:site_name\" content=\"Nord Tempeh\" \/>\n<meta property=\"article:modified_time\" content=\"2023-12-06T18:50:21+00:00\" \/>\n<meta name=\"twitter:card\" content=\"summary_large_image\" \/>\n<meta name=\"twitter:label1\" content=\"Est. reading time\" \/>\n\t<meta name=\"twitter:data1\" content=\"2 minutes\" \/>\n<script type=\"application\/ld+json\" class=\"yoast-schema-graph\">{\"@context\":\"https:\\\/\\\/schema.org\",\"@graph\":[{\"@type\":\"WebPage\",\"@id\":\"https:\\\/\\\/nordtempeh.com\\\/blogi\\\/\",\"url\":\"https:\\\/\\\/nordtempeh.com\\\/blogi\\\/\",\"name\":\"Blogi - Nord Tempeh\",\"isPartOf\":{\"@id\":\"https:\\\/\\\/nordtempeh.com\\\/#website\"},\"datePublished\":\"2023-12-04T19:41:00+00:00\",\"dateModified\":\"2023-12-06T18:50:21+00:00\",\"description\":\"Siit leiad p\u00f5nevad tempeh retseptid igaks olukorraks \u2013 nii kiireks argip\u00e4eva l\u00f5unaks, suviseks grill\u00fcrituseks kui pidulikuks \u00f5htus\u00f6\u00f6giks.\",\"breadcrumb\":{\"@id\":\"https:\\\/\\\/nordtempeh.com\\\/blogi\\\/#breadcrumb\"},\"inLanguage\":\"en-US\",\"potentialAction\":[{\"@type\":\"ReadAction\",\"target\":[\"https:\\\/\\\/nordtempeh.com\\\/blogi\\\/\"]}]},{\"@type\":\"BreadcrumbList\",\"@id\":\"https:\\\/\\\/nordtempeh.com\\\/blogi\\\/#breadcrumb\",\"itemListElement\":[{\"@type\":\"ListItem\",\"position\":1,\"name\":\"Home\",\"item\":\"https:\\\/\\\/nordtempeh.com\\\/eestis-valmistatud-tempeh-sinu-toidulauale\\\/\"},{\"@type\":\"ListItem\",\"position\":2,\"name\":\"Blogi\"}]},{\"@type\":\"WebSite\",\"@id\":\"https:\\\/\\\/nordtempeh.com\\\/#website\",\"url\":\"https:\\\/\\\/nordtempeh.com\\\/\",\"name\":\"Nord Tempeh\",\"description\":\"EKSOOTILINE TOIT KOHALIKUS V\u00d5TMES!\",\"potentialAction\":[{\"@type\":\"SearchAction\",\"target\":{\"@type\":\"EntryPoint\",\"urlTemplate\":\"https:\\\/\\\/nordtempeh.com\\\/?s={search_term_string}\"},\"query-input\":{\"@type\":\"PropertyValueSpecification\",\"valueRequired\":true,\"valueName\":\"search_term_string\"}}],\"inLanguage\":\"en-US\"}]}<\/script>\n<!-- \/ Yoast SEO plugin. -->","yoast_head_json":{"title":"Blogi - Nord Tempeh","description":"Siit leiad p\u00f5nevad tempeh retseptid igaks olukorraks \u2013 nii kiireks argip\u00e4eva l\u00f5unaks, suviseks grill\u00fcrituseks kui pidulikuks \u00f5htus\u00f6\u00f6giks.","robots":{"index":"index","follow":"follow","max-snippet":"max-snippet:-1","max-image-preview":"max-image-preview:large","max-video-preview":"max-video-preview:-1"},"canonical":"https:\/\/nordtempeh.com\/en\/blogi\/","og_locale":"en_US","og_type":"article","og_title":"Blogi - Nord Tempeh","og_description":"Siit leiad p\u00f5nevad tempeh retseptid igaks olukorraks \u2013 nii kiireks argip\u00e4eva l\u00f5unaks, suviseks grill\u00fcrituseks kui pidulikuks \u00f5htus\u00f6\u00f6giks.","og_url":"https:\/\/nordtempeh.com\/en\/blogi\/","og_site_name":"Nord Tempeh","article_modified_time":"2023-12-06T18:50:21+00:00","twitter_card":"summary_large_image","twitter_misc":{"Est. reading time":"2 minutes"},"schema":{"@context":"https:\/\/schema.org","@graph":[{"@type":"WebPage","@id":"https:\/\/nordtempeh.com\/blogi\/","url":"https:\/\/nordtempeh.com\/blogi\/","name":"Blogi - Nord Tempeh","isPartOf":{"@id":"https:\/\/nordtempeh.com\/#website"},"datePublished":"2023-12-04T19:41:00+00:00","dateModified":"2023-12-06T18:50:21+00:00","description":"Siit leiad p\u00f5nevad tempeh retseptid igaks olukorraks \u2013 nii kiireks argip\u00e4eva l\u00f5unaks, suviseks grill\u00fcrituseks kui pidulikuks \u00f5htus\u00f6\u00f6giks.","breadcrumb":{"@id":"https:\/\/nordtempeh.com\/blogi\/#breadcrumb"},"inLanguage":"en-US","potentialAction":[{"@type":"ReadAction","target":["https:\/\/nordtempeh.com\/blogi\/"]}]},{"@type":"BreadcrumbList","@id":"https:\/\/nordtempeh.com\/blogi\/#breadcrumb","itemListElement":[{"@type":"ListItem","position":1,"name":"Home","item":"https:\/\/nordtempeh.com\/eestis-valmistatud-tempeh-sinu-toidulauale\/"},{"@type":"ListItem","position":2,"name":"Blogi"}]},{"@type":"WebSite","@id":"https:\/\/nordtempeh.com\/#website","url":"https:\/\/nordtempeh.com\/","name":"Nord Tempeh","description":"EKSOOTILINE TOIT KOHALIKUS V\u00d5TMES!","potentialAction":[{"@type":"SearchAction","target":{"@type":"EntryPoint","urlTemplate":"https:\/\/nordtempeh.com\/?s={search_term_string}"},"query-input":{"@type":"PropertyValueSpecification","valueRequired":true,"valueName":"search_term_string"}}],"inLanguage":"en-US"}]}},"_links":{"self":[{"href":"http:\/\/nordtempeh.com\/en\/wp-json\/wp\/v2\/pages\/1759","targetHints":{"allow":["GET"]}}],"collection":[{"href":"http:\/\/nordtempeh.com\/en\/wp-json\/wp\/v2\/pages"}],"about":[{"href":"http:\/\/nordtempeh.com\/en\/wp-json\/wp\/v2\/types\/page"}],"author":[{"embeddable":true,"href":"http:\/\/nordtempeh.com\/en\/wp-json\/wp\/v2\/users\/2"}],"replies":[{"embeddable":true,"href":"http:\/\/nordtempeh.com\/en\/wp-json\/wp\/v2\/comments?post=1759"}],"version-history":[{"count":1,"href":"http:\/\/nordtempeh.com\/en\/wp-json\/wp\/v2\/pages\/1759\/revisions"}],"predecessor-version":[{"id":1979,"href":"http:\/\/nordtempeh.com\/en\/wp-json\/wp\/v2\/pages\/1759\/revisions\/1979"}],"wp:attachment":[{"href":"http:\/\/nordtempeh.com\/en\/wp-json\/wp\/v2\/media?parent=1759"}],"curies":[{"name":"wp","href":"https:\/\/api.w.org\/{rel}","templated":true}]}}